{"id":3,"date":"2024-08-26T12:00:00","date_gmt":"2024-08-26T12:00:00","guid":{"rendered":"http:\/\/yourwordpresssite.com\/?p=3"},"modified":"2026-03-17T14:08:59","modified_gmt":"2026-03-17T14:08:59","slug":"leistungen","status":"publish","type":"page","link":"https:\/\/wp.mtk-service.com\/index.php\/leistungen\/","title":{"rendered":"Leistungen"},"content":{"rendered":"<div id=\"widget-e8a1616b-b725-a5b7-21d5-e1aae96ede12\" class=\"widget widget-text \">\n<div class=\"widget-content\">\n<h1>Wir bieten Ihnen:<\/h1>\n<p>Wir bieten Ihnen ein umfassendes Leistungsspektrum im Bereich der Infusionstechnik:<\/p>\n<p><strong>Regelm\u00e4\u00dfige Betreuung der Infusionstechnik<\/strong><\/p>\n<p>Seit Jahrzehnten sind wir der zuverl\u00e4ssige Partner f\u00fcr die gro\u00dfen Gesundheitseinrichtungen im baden-w\u00fcrttembergischen Raum. Unsere Expertise reicht von der Durchf\u00fchrung von STK-Pr\u00fcfungen bis hin zu hochkomplexen Einzelreparaturen, die wir sowohl vor Ort als auch in unserer spezialisierten Werkstatt in Ludwigsburg kompetent und kostenbewusst abwickeln.<\/p>\n<p><img loading=\"lazy\" decoding=\"async\" class=\"alignnone  wp-image-259\" src=\"https:\/\/wp.mtk-service.com\/wp-content\/uploads\/2024\/09\/image-2-300x225.jpg\" alt=\"\" width=\"829\" height=\"623\" srcset=\"https:\/\/wp.mtk-service.com\/wp-content\/uploads\/2024\/09\/image-2-300x225.jpg 300w, https:\/\/wp.mtk-service.com\/wp-content\/uploads\/2024\/09\/image-2-768x576.jpg 768w, https:\/\/wp.mtk-service.com\/wp-content\/uploads\/2024\/09\/image-2.jpg 1024w\" sizes=\"(max-width: 829px) 100vw, 829px\" \/><\/p>\n<p>Dabei spielt die St\u00fcckzahl keine Rolle: Ob es sich um eine einzelne Pumpe oder eine gro\u00df angelegte, mehrw\u00f6chige STK-Pr\u00fcfung einer gesamten Klinik handelt, wir verf\u00fcgen \u00fcber eine beeindruckende Liste an Referenzen. An dieser Stelle m\u00f6chten wir uns herzlich bei unseren treuen Kunden und Partnern f\u00fcr das langj\u00e4hrige Vertrauen bedanken!<\/p>\n<p><strong>Einzel-Projekte Infusionstechnik<\/strong><\/p>\n<p>Wir sind stolz darauf, seit \u00fcber 25 Jahren gro\u00dfe Projekte in der Infusionstechnik erfolgreich umzusetzen. Sei es die Aufstellung von Neuger\u00e4ten im Rahmen von Klinikfusionen oder umfassende Updates bestehender Systeme \u2013 unser kleines, aber bestens eingespieltes Team hat stets bewiesen, dass wir auch gr\u00f6\u00dfte Herausforderungen meistern k\u00f6nnen.<\/p>\n<p>Ein herausragendes Beispiel unserer Leistungsf\u00e4higkeit ist die komplette Neuerrichtung von \u00fcber 1500 Pumpen im Zuge der Zusammenlegung des Olgahospitals Stuttgart, der Frauenklinik Bad Cannstatt und des B\u00fcrgerhospitals Stuttgart, allesamt Teil des Klinikums Stuttgart.<\/p>\n<p><img loading=\"lazy\" decoding=\"async\" class=\"alignnone  wp-image-185\" src=\"https:\/\/wp.mtk-service.com\/wp-content\/uploads\/2024\/08\/DALL\u00b7E-2024-08-29-07.18.45-Create-two-images-related-to-infusion-technology-services-in-a-healthcare-setting.-The-first-image-should-feature-a-close-up-of-a-medical-technician-p-300x171.webp\" alt=\"\" width=\"830\" height=\"473\" srcset=\"https:\/\/wp.mtk-service.com\/wp-content\/uploads\/2024\/08\/DALL\u00b7E-2024-08-29-07.18.45-Create-two-images-related-to-infusion-technology-services-in-a-healthcare-setting.-The-first-image-should-feature-a-close-up-of-a-medical-technician-p-300x171.webp 300w, https:\/\/wp.mtk-service.com\/wp-content\/uploads\/2024\/08\/DALL\u00b7E-2024-08-29-07.18.45-Create-two-images-related-to-infusion-technology-services-in-a-healthcare-setting.-The-first-image-should-feature-a-close-up-of-a-medical-technician-p-1024x585.webp 1024w, https:\/\/wp.mtk-service.com\/wp-content\/uploads\/2024\/08\/DALL\u00b7E-2024-08-29-07.18.45-Create-two-images-related-to-infusion-technology-services-in-a-healthcare-setting.-The-first-image-should-feature-a-close-up-of-a-medical-technician-p-768x439.webp 768w, https:\/\/wp.mtk-service.com\/wp-content\/uploads\/2024\/08\/DALL\u00b7E-2024-08-29-07.18.45-Create-two-images-related-to-infusion-technology-services-in-a-healthcare-setting.-The-first-image-should-feature-a-close-up-of-a-medical-technician-p-1536x878.webp 1536w, https:\/\/wp.mtk-service.com\/wp-content\/uploads\/2024\/08\/DALL\u00b7E-2024-08-29-07.18.45-Create-two-images-related-to-infusion-technology-services-in-a-healthcare-setting.-The-first-image-should-feature-a-close-up-of-a-medical-technician-p.webp 1792w\" sizes=\"(max-width: 830px) 100vw, 830px\" \/><\/p>\n<p>Egal ob es um die Umstellung von Braun-Pumpen wie den Wechsel der FM-Linie auf die Spaceline oder gro\u00dffl\u00e4chige Software-Updates geht \u2013 mit Fachwissen und Leidenschaft setzen wir jedes Projekt erfolgreich um.<\/p>\n<p><strong>Umfang unserer Leistungen<\/strong><\/p>\n<ul>\n<li><strong>Neuaufstellungen in der Infusionstechnik<\/strong>: Wir bieten umfassende Beratung, von der optimalen Bettplatzgestaltung bis hin zur Installation der Ger\u00e4te.<\/li>\n<li><strong>Software-Anpassungen und Updates<\/strong>: Wir k\u00fcmmern uns um die Anpassung von Pumpen-Software sowie das Einspielen wichtiger Daten, wie z. B. Spritzentabellen.<\/li>\n<li><strong>Begleitung von Produktlinien-Umstellungen<\/strong>: Wir unterst\u00fctzen Sie bei der Umstellung und Implementierung neuer Produktlinien.<\/li>\n<li><strong>STK-Pr\u00fcfungen und Wartungen nach MPG<\/strong>: Unsere Pr\u00fcfungen und Wartungen erfolgen stets nach den neuesten Vorgaben des Medizinproduktegesetzes.<\/li>\n<li><strong>Schulungen und Einweisungen nach MPG<\/strong>: Wir bieten umfassende Schulungen und Einweisungen, um sicherzustellen, dass Ihr Personal optimal geschult ist.<\/li>\n<li><strong>Reparaturen inhouse und in unserer Servicewerkstatt<\/strong>: Ob vor Ort oder in unserer Werkstatt, wir f\u00fchren Reparaturen schnell und zuverl\u00e4ssig durch.<\/li>\n<li><strong>Dokumentation und Dokumentenpflege<\/strong>: Auf Wunsch \u00fcbernehmen wir die vollst\u00e4ndige Dokumentation und Pflege im Ger\u00e4teverwaltungssystem unserer Kunden.<\/li>\n<\/ul>\n<\/div>\n<\/div>\n","protected":false},"excerpt":{"rendered":"<p>Wir bieten Ihnen: Wir bieten Ihnen ein umfassendes Leistungsspektrum im Bereich der Infusionstechnik: Regelm\u00e4\u00dfige Betreuung der Infusionstechnik Seit Jahrzehnten sind wir der zuverl\u00e4ssige Partner f\u00fcr die gro\u00dfen Gesundheitseinrichtungen im baden-w\u00fcrttembergischen<\/p>\n","protected":false},"author":3,"featured_media":0,"parent":0,"menu_order":2,"comment_status":"closed","ping_status":"closed","template":"","meta":{"_monsterinsights_skip_tracking":false,"_monsterinsights_sitenote_active":false,"_monsterinsights_sitenote_note":"","_monsterinsights_sitenote_category":0,"footnotes":""},"class_list":["post-3","page","type-page","status-publish","hentry"],"aioseo_notices":[],"acf":[],"_links":{"self":[{"href":"https:\/\/wp.mtk-service.com\/index.php\/wp-json\/wp\/v2\/pages\/3"}],"collection":[{"href":"https:\/\/wp.mtk-service.com\/index.php\/wp-json\/wp\/v2\/pages"}],"about":[{"href":"https:\/\/wp.mtk-service.com\/index.php\/wp-json\/wp\/v2\/types\/page"}],"author":[{"embeddable":true,"href":"https:\/\/wp.mtk-service.com\/index.php\/wp-json\/wp\/v2\/users\/3"}],"replies":[{"embeddable":true,"href":"https:\/\/wp.mtk-service.com\/index.php\/wp-json\/wp\/v2\/comments?post=3"}],"version-history":[{"count":8,"href":"https:\/\/wp.mtk-service.com\/index.php\/wp-json\/wp\/v2\/pages\/3\/revisions"}],"predecessor-version":[{"id":263,"href":"https:\/\/wp.mtk-service.com\/index.php\/wp-json\/wp\/v2\/pages\/3\/revisions\/263"}],"wp:attachment":[{"href":"https:\/\/wp.mtk-service.com\/index.php\/wp-json\/wp\/v2\/media?parent=3"}],"curies":[{"name":"wp","href":"https:\/\/api.w.org\/{rel}","templated":true}]}}