{"id":33,"date":"2024-08-26T12:00:00","date_gmt":"2024-08-26T12:00:00","guid":{"rendered":"http:\/\/yourwordpresssite.com\/?p=6"},"modified":"2026-03-18T12:18:55","modified_gmt":"2026-03-18T12:18:55","slug":"kontakt","status":"publish","type":"page","link":"https:\/\/wp.mtk-service.com\/index.php\/kontakt\/","title":{"rendered":"Kontakt"},"content":{"rendered":"<table class=\"widget-columns-table\">\n<tbody>\n<tr>\n<td class=\"widget-columns-column\">\n<div id=\"widget-bae8df19-4d43-0d88-3bd9-0b5f14fbffa9\" class=\"widget widget-text \">\n<div class=\"widget-content\">\n<h1>Wir freuen uns auf Ihre Anfrage!<\/h1>\n<p>Das MTK Service-Zentrum GmbH steht Ihnen bei allen Fragen und Anliegen rund um unsere Dienstleistungen zur Verf\u00fcgung. Ob Sie einen Termin vereinbaren m\u00f6chten, eine spezielle Anfrage haben oder einfach mehr \u00fcber unser Angebot erfahren m\u00f6chten \u2013 wir sind gerne f\u00fcr Sie da!<\/p>\n<p><img loading=\"lazy\" decoding=\"async\" class=\"alignnone  wp-image-257\" src=\"https:\/\/wp.mtk-service.com\/wp-content\/uploads\/2024\/09\/image-1-300x225.jpg\" alt=\"\" width=\"831\" height=\"623\" srcset=\"https:\/\/wp.mtk-service.com\/wp-content\/uploads\/2024\/09\/image-1-300x225.jpg 300w, https:\/\/wp.mtk-service.com\/wp-content\/uploads\/2024\/09\/image-1-768x576.jpg 768w, https:\/\/wp.mtk-service.com\/wp-content\/uploads\/2024\/09\/image-1.jpg 1024w\" sizes=\"(max-width: 831px) 100vw, 831px\" \/><\/p>\n<p><strong>MTK Service-Zentrum GmbH<\/strong><\/p>\n<p>Gans\u00e4cker 25<br \/>D-74321 Bietigheim-Bissingen<\/p>\n<p>Telefon: +49 (0) 7142 \/ 91 93 084<br \/>Telefax:\u00a0 +49 (0) 7142 \/ 91 93 085<\/p>\n<p>E-Mail: <strong>info@mtk-service.com<\/strong><\/p>\n<\/div>\n<\/div>\n<\/td>\n<\/tr>\n<\/tbody>\n<\/table>\n\n\n<iframe src=\"https:\/\/www.google.com\/maps\/embed?pb=!1m18!1m12!1m3!1d2654.8!2d9.141567!3d48.940004!2m3!1f0!2f0!3f0!3m2!1i1024!2i768!4f13.1!3m3!1m2!1s0x4799d3cf0f8ed687%3A0x5f7a9e7880f4a55!2sGans%C3%A4cker+25%2C+74321+Bietigheim-Bissingen!5e0!3m2!1sde!2sde!4v1693139609258!5m2!1sde!2sde\" width=\"600\" height=\"450\" style=\"border:0;\" allowfullscreen=\"\" loading=\"lazy\" referrerpolicy=\"no-referrer-when-downgrade\"><\/iframe>\n","protected":false},"excerpt":{"rendered":"<p>Wir freuen uns auf Ihre Anfrage! Das MTK Service-Zentrum GmbH steht Ihnen bei allen Fragen und Anliegen rund um unsere Dienstleistungen zur Verf\u00fcgung. Ob Sie einen Termin vereinbaren m\u00f6chten, eine<\/p>\n","protected":false},"author":3,"featured_media":0,"parent":0,"menu_order":5,"comment_status":"closed","ping_status":"closed","template":"","meta":{"_monsterinsights_skip_tracking":false,"_monsterinsights_sitenote_active":false,"_monsterinsights_sitenote_note":"","_monsterinsights_sitenote_category":0,"footnotes":""},"class_list":["post-33","page","type-page","status-publish","hentry"],"aioseo_notices":[],"acf":[],"_links":{"self":[{"href":"https:\/\/wp.mtk-service.com\/index.php\/wp-json\/wp\/v2\/pages\/33"}],"collection":[{"href":"https:\/\/wp.mtk-service.com\/index.php\/wp-json\/wp\/v2\/pages"}],"about":[{"href":"https:\/\/wp.mtk-service.com\/index.php\/wp-json\/wp\/v2\/types\/page"}],"author":[{"embeddable":true,"href":"https:\/\/wp.mtk-service.com\/index.php\/wp-json\/wp\/v2\/users\/3"}],"replies":[{"embeddable":true,"href":"https:\/\/wp.mtk-service.com\/index.php\/wp-json\/wp\/v2\/comments?post=33"}],"version-history":[{"count":18,"href":"https:\/\/wp.mtk-service.com\/index.php\/wp-json\/wp\/v2\/pages\/33\/revisions"}],"predecessor-version":[{"id":293,"href":"https:\/\/wp.mtk-service.com\/index.php\/wp-json\/wp\/v2\/pages\/33\/revisions\/293"}],"wp:attachment":[{"href":"https:\/\/wp.mtk-service.com\/index.php\/wp-json\/wp\/v2\/media?parent=33"}],"curies":[{"name":"wp","href":"https:\/\/api.w.org\/{rel}","templated":true}]}}