{"id":42,"date":"2024-08-26T12:12:43","date_gmt":"2024-08-26T12:12:43","guid":{"rendered":"https:\/\/wp.mtk-service.com\/index.php\/home\/"},"modified":"2024-08-26T18:25:26","modified_gmt":"2024-08-26T18:25:26","slug":"home","status":"publish","type":"page","link":"https:\/\/wp.mtk-service.com\/","title":{"rendered":"MTK Medizintechnik"},"content":{"rendered":"\n<h2 class=\"wp-block-heading\">Medizintechnik &#8211; ein zentraler Bestandteil jedes Gesundheitssystems.<\/h2>\n\n\n\n<p>Die Medizintechnik tr\u00e4gt dazu bei, dass das Gesamtsystem &#8222;Gesund werden&#8220; reibungslos abl\u00e4uft. Oftmals h\u00e4ngt das Leben der Patienten davon ab.<\/p>\n\n\n\n<p>Wir sehen uns als Partner von Kliniken, Gesundheitseinrichtungen und Herstellern von Medizinprodukten. Wir unterst\u00fctzen und erg\u00e4nzen sehr gerne durch unsere Sach- und Fachkenntnisse in Medizintechnik, so dass hausinterne Ressourcen f\u00fcr viele weitere Aufgaben frei werden.<\/p>\n\n\n\n<p>Durch unsere langj\u00e4hrige Erfahrung kennen wir die meisten Infusionspumpensysteme oft seit der Entstehung und bieten Ihnen einen zuverl\u00e4ssigen und qualifizierten Service, damit Ihr Ablauf reibungslos funktioniert.<\/p>\n\n\n\n<p>Unsere Referenzen lassen sich sehen.<\/p>\n\n\n\n<figure class=\"wp-block-table\"><table class=\"has-fixed-layout\"><tbody><tr><td><img decoding=\"async\" src=\"blob:https:\/\/wp.mtk-service.com\/b9fbd172-57d8-4227-8cf4-71443d19f631\"><br>Im Rahmen eines Inhouse-Service<br>arbeiten wir mit den H\u00e4usern rund um<br>Ludwigsburg sehr eng zusammen:<br>Direkt vor Ort f\u00fchren wir Reparaturen,<br>Software-Updates, STK-Pr\u00fcfungen an<br>den Pumpen durch<\/td><td><img decoding=\"async\" src=\"blob:https:\/\/wp.mtk-service.com\/388dcfb5-139e-426b-813f-78190cceb43f\"><br>Von der Neuaufstellung von mehr als<br>1500 Infusionspumpen und deren<br>Zubeh\u00f6r \u00fcber STK-Pr\u00fcfungen hin zu<br>Einzelreparaturen genie\u00dft das Klinikum<br>unseren Vollservice und unseren<br>Einsatz mit Herzblut.<\/td><td><img decoding=\"async\" src=\"blob:https:\/\/wp.mtk-service.com\/3f719d68-36b1-4ade-a260-adb2ac29b64b\"><br>Das Haus Singen ist ein sehr vertrauter und langj\u00e4hriger Partner, der ebenfalls unsere Kompetenz im Rahmen der regelm\u00e4\u00dfigen Betreuung von Braun-Infusionspumpen gerne in Anspruch nimmt.<\/td><\/tr><\/tbody><\/table><\/figure>\n\n\n\n<figure class=\"wp-block-table\"><table class=\"has-fixed-layout\"><tbody><tr><td><br>Verbund der Regionalen Kliniken RKH&nbsp;Im Rahmen eines Inhouse-Service arbeiten wir mit den H\u00e4usern rund um Ludwigsburg sehr eng zusammen: Direkt vor Ort f\u00fchren wir Reparaturen, Software-Updates, STK-Pr\u00fcfungen an den Pumpen durch.Robert-Bosch-Krankenhaus Stuttgart<img loading=\"lazy\" decoding=\"async\" alt=\"\" width=\"290\" height=\"193\" src=\"https:\/\/www.mtk-service.com\/attachments\/Image\/shutterstock_119299876_801.png\">Im Robert-Bosch-Krankenhaus stellen wir seit vielen Jahren eine feste Gr\u00f6\u00dfe f\u00fcr die Reparatur und regelm\u00e4\u00dfige Wartung der Braun-Infusionspumpen dar.<\/td><td>Klinikum StuttgartKH \/ OH-FK \/ KBCVon der Neuaufstellung von mehr als 1500 Infusionspumpen und deren Zubeh\u00f6r \u00fcber STK-Pr\u00fcfungen hin zu Einzelreparaturen genie\u00dft das Klinikum unseren Vollservice und unseren Einsatz mit Herzblut.Universit\u00e4tsklinik &nbsp; &nbsp; &nbsp; &nbsp; &nbsp; Freiburg<img loading=\"lazy\" decoding=\"async\" alt=\"\" width=\"290\" height=\"193\" src=\"https:\/\/www.mtk-service.com\/attachments\/Image\/IMG_5860-2.JPG\">Vom Universit\u00e4tsklinikum Freiburg werden wir auch immer wieder mit der STK-Pr\u00fcfung von Infusionstechnik des Herstellers B.Braun Melsungen im gro\u00dfen Stil beauftragt.<\/td><td>Hegau-Bodensee-Klinikum SingenDas Haus Singen ist ein sehr vertrauter und langj\u00e4hriger Partner, der ebenfalls unsere Kompetenz im Rahmen der regelm\u00e4\u00dfigen Betreuung von Braun-Infusionspumpen gerne in Anspruch nimmt.SLK-Kliniken &nbsp; &nbsp; &nbsp; &nbsp; &nbsp; &nbsp; &nbsp; Region Heilbronn<img loading=\"lazy\" decoding=\"async\" alt=\"\" width=\"290\" height=\"193\" src=\"https:\/\/www.mtk-service.com\/attachments\/Image\/IMG_1885.png\">Auch die H\u00e4user in und um Heilbronn sch\u00e4tzen unseren Rundum-Service f\u00fcr die Infusionsger\u00e4tetechnik. Wir versuchen stets, jeden Wunsch von den Lippen zu lesen.<\/td><\/tr><\/tbody><\/table><\/figure>\n\n\n\n<figure class=\"wp-block-image is-resized\"><img decoding=\"async\" src=\"https:\/\/www.mtk-service.com\/zdh_cert.jpg\" alt=\"\" style=\"width:223px;height:auto\"\/><\/figure>\n","protected":false},"excerpt":{"rendered":"<p>Medizintechnik &#8211; ein zentraler Bestandteil jedes Gesundheitssystems. Die Medizintechnik tr\u00e4gt dazu bei, dass das Gesamtsystem &#8222;Gesund werden&#8220; reibungslos abl\u00e4uft. Oftmals h\u00e4ngt das Leben der Patienten davon ab. Wir sehen uns<\/p>\n","protected":false},"author":1,"featured_media":0,"parent":0,"menu_order":0,"comment_status":"closed","ping_status":"closed","template":"","meta":{"_monsterinsights_skip_tracking":false,"_monsterinsights_sitenote_active":false,"_monsterinsights_sitenote_note":"","_monsterinsights_sitenote_category":0,"footnotes":""},"class_list":["post-42","page","type-page","status-publish","hentry"],"aioseo_notices":[],"acf":[],"_links":{"self":[{"href":"https:\/\/wp.mtk-service.com\/index.php\/wp-json\/wp\/v2\/pages\/42"}],"collection":[{"href":"https:\/\/wp.mtk-service.com\/index.php\/wp-json\/wp\/v2\/pages"}],"about":[{"href":"https:\/\/wp.mtk-service.com\/index.php\/wp-json\/wp\/v2\/types\/page"}],"author":[{"embeddable":true,"href":"https:\/\/wp.mtk-service.com\/index.php\/wp-json\/wp\/v2\/users\/1"}],"replies":[{"embeddable":true,"href":"https:\/\/wp.mtk-service.com\/index.php\/wp-json\/wp\/v2\/comments?post=42"}],"version-history":[{"count":1,"href":"https:\/\/wp.mtk-service.com\/index.php\/wp-json\/wp\/v2\/pages\/42\/revisions"}],"predecessor-version":[{"id":102,"href":"https:\/\/wp.mtk-service.com\/index.php\/wp-json\/wp\/v2\/pages\/42\/revisions\/102"}],"wp:attachment":[{"href":"https:\/\/wp.mtk-service.com\/index.php\/wp-json\/wp\/v2\/media?parent=42"}],"curies":[{"name":"wp","href":"https:\/\/api.w.org\/{rel}","templated":true}]}}